{"id":2306,"date":"2025-02-06T11:01:56","date_gmt":"2025-02-06T11:01:56","guid":{"rendered":"https:\/\/canbufi.com\/politica-de-cookies\/"},"modified":"2025-02-11T10:01:20","modified_gmt":"2025-02-11T10:01:20","slug":"politique-de-cookies","status":"publish","type":"page","link":"https:\/\/canbufi.com\/fr\/politique-de-cookies\/","title":{"rendered":"Politique de Cookies"},"content":{"rendered":"<div id=\"ez-toc-container\" class=\"ez-toc-v2_0_82_2 counter-hierarchy ez-toc-counter ez-toc-grey ez-toc-container-direction\">\n<div class=\"ez-toc-title-container\">\n<p class=\"ez-toc-title\" style=\"cursor:inherit\">Table of Contents<\/p>\n<span class=\"ez-toc-title-toggle\"><a href=\"#\" class=\"ez-toc-pull-right ez-toc-btn ez-toc-btn-xs ez-toc-btn-default ez-toc-toggle\" aria-label=\"Toggle Table of Content\"><span class=\"ez-toc-js-icon-con\"><span class=\"\"><span class=\"eztoc-hide\" style=\"display:none;\">Toggle<\/span><span class=\"ez-toc-icon-toggle-span\"><svg style=\"fill: #999;color:#999\" xmlns=\"http:\/\/www.w3.org\/2000\/svg\" class=\"list-377408\" width=\"20px\" height=\"20px\" viewBox=\"0 0 24 24\" fill=\"none\"><path d=\"M6 6H4v2h2V6zm14 0H8v2h12V6zM4 11h2v2H4v-2zm16 0H8v2h12v-2zM4 16h2v2H4v-2zm16 0H8v2h12v-2z\" fill=\"currentColor\"><\/path><\/svg><svg style=\"fill: #999;color:#999\" class=\"arrow-unsorted-368013\" xmlns=\"http:\/\/www.w3.org\/2000\/svg\" width=\"10px\" height=\"10px\" viewBox=\"0 0 24 24\" version=\"1.2\" baseProfile=\"tiny\"><path d=\"M18.2 9.3l-6.2-6.3-6.2 6.3c-.2.2-.3.4-.3.7s.1.5.3.7c.2.2.4.3.7.3h11c.3 0 .5-.1.7-.3.2-.2.3-.5.3-.7s-.1-.5-.3-.7zM5.8 14.7l6.2 6.3 6.2-6.3c.2-.2.3-.5.3-.7s-.1-.5-.3-.7c-.2-.2-.4-.3-.7-.3h-11c-.3 0-.5.1-.7.3-.2.2-.3.5-.3.7s.1.5.3.7z\"\/><\/svg><\/span><\/span><\/span><\/a><\/span><\/div>\n<nav><ul class='ez-toc-list ez-toc-list-level-1 ' ><li class='ez-toc-page-1 ez-toc-heading-level-3'><a class=\"ez-toc-link ez-toc-heading-1\" href=\"https:\/\/canbufi.com\/fr\/politique-de-cookies\/#Definition_et_fonction_des_Cookies\" >D\u00e9finition et fonction des Cookies<\/a><\/li><li class='ez-toc-page-1 ez-toc-heading-level-3'><a class=\"ez-toc-link ez-toc-heading-2\" href=\"https:\/\/canbufi.com\/fr\/politique-de-cookies\/#Quels_types_de_cookies_ce_site_Web_utilise-t-il\" >Quels types de cookies ce site Web utilise-t-il ?<\/a><\/li><li class='ez-toc-page-1 ez-toc-heading-level-3'><a class=\"ez-toc-link ez-toc-heading-3\" href=\"https:\/\/canbufi.com\/fr\/politique-de-cookies\/#Google_Analytics\" >Google Analytics<\/a><\/li><li class='ez-toc-page-1 ez-toc-heading-level-3'><a class=\"ez-toc-link ez-toc-heading-4\" href=\"https:\/\/canbufi.com\/fr\/politique-de-cookies\/#Google_Maps\" >Google Maps<\/a><\/li><li class='ez-toc-page-1 ez-toc-heading-level-3'><a class=\"ez-toc-link ez-toc-heading-5\" href=\"https:\/\/canbufi.com\/fr\/politique-de-cookies\/#Revocation_et_elimination_des_galetes\" >R\u00e9vocation et \u00e9limination des galetes<\/a><\/li><\/ul><\/nav><\/div>\n<h3><span class=\"ez-toc-section\" id=\"Definition_et_fonction_des_Cookies\"><\/span><span>D\u00e9finition et fonction des Cookies<\/span><span class=\"ez-toc-section-end\"><\/span><\/h3>\n<p><span>Un cookie est un cookie de navigateur qui est t\u00e9l\u00e9charg\u00e9 sur votre ordinateur lorsque vous acc\u00e9dez \u00e0 certains sites Web. Les cookies permettent, entre autres, d&rsquo;enregistrer de mani\u00e8re anonyme l&rsquo;activit\u00e9 de l&rsquo;utilisateur sur le site Web, afin qu&rsquo;ils puissent m\u00e9moriser certains param\u00e8tres et informations afin d&rsquo;analyser les donn\u00e9es de l&rsquo;utilisateur, d&rsquo;avoir une meilleure personnalisation du site Web ou de pouvoir configurer les pr\u00e9f\u00e9rences.<\/span><\/p>\n<h3><span class=\"ez-toc-section\" id=\"Quels_types_de_cookies_ce_site_Web_utilise-t-il\"><\/span><span>Quels types de cookies ce site Web utilise-t-il ?<\/span><span class=\"ez-toc-section-end\"><\/span><\/h3>\n<p><span>Les cookies appartenant \u00e0 des prestataires de services tiers sont les suivants :<\/span><\/p>\n<p><span>(Les cookies tiers sont ceux qui sont envoy\u00e9s \u00e0 l&rsquo;\u00e9quipement terminal de l&rsquo;utilisateur \u00e0 partir d&rsquo;un ordinateur ou d&rsquo;un domaine qui n&rsquo;est pas g\u00e9r\u00e9 par l&rsquo;\u00e9diteur, mais par une autre entit\u00e9 qui traite les donn\u00e9es obtenues via les cookies)<\/span><\/p>\n<h3><span class=\"ez-toc-section\" id=\"Google_Analytics\"><\/span><span>Google Analytics<\/span><span class=\"ez-toc-section-end\"><\/span><\/h3>\n<p><span>Les cookies de Google Analytics sont utilis\u00e9s pour r\u00e9aliser des statistiques d&rsquo;utilisation du site Web. L&rsquo;objectif est de conna\u00eetre le niveau de r\u00e9currence des visiteurs et le contenu le plus int\u00e9ressant, de cette fa\u00e7on vous pouvez concentrer vos efforts sur l&rsquo;am\u00e9lioration des zones les plus visit\u00e9es et permettre \u00e0 l&rsquo;utilisateur de trouver plus facilement ce qu&rsquo;il recherche.<\/span><br \/>\n<span>Le site Web peut utiliser des informations sur la visite de l&rsquo;utilisateur pour effectuer des \u00e9valuations et des calculs statistiques sur des donn\u00e9es anonymes, assurant ainsi la continuit\u00e9 du service ou une meilleure performance sur ses sites Web.<\/span><br \/>\n<span>Pour plus de d\u00e9tails, vous pouvez consulter la politique de confidentialit\u00e9 de Google sur le lien suivant [\u00a0<\/span><span>http:\/\/www.google.com\/intl\/es\/policies\/privacy\/<\/span><span>\u00a0]<\/span><\/p>\n<h3><span class=\"ez-toc-section\" id=\"Google_Maps\"><\/span><span>Google Maps<\/span><span class=\"ez-toc-section-end\"><\/span><\/h3>\n<p><span>Deux cookies persistants (PREF et NID) d\u00e9finis par les applications Google Maps et g\u00e9r\u00e9s par Google.<\/span><br \/>\n<span>Pour plus de d\u00e9tails, vous pouvez consulter la politique de confidentialit\u00e9 de Google sur le lien suivant [\u00a0<\/span><span>http:\/\/www.google.com\/intl\/es\/policies\/privacy\/<\/span><span>\u00a0]<\/span><\/p>\n<h3><span class=\"ez-toc-section\" id=\"Revocation_et_elimination_des_galetes\"><\/span><span>R\u00e9vocation et \u00e9limination des galetes<\/span><span class=\"ez-toc-section-end\"><\/span><\/h3>\n<p><span>Vous pouvez autoriser, bloquer ou supprimer les cookies install\u00e9s sur votre appareil en configurant les options du navigateur. Si vous n&rsquo;autorisez pas l&rsquo;installation de cookies, vous risquez de ne pas pouvoir acc\u00e9der \u00e0 certaines sections du site.<\/span><br \/>\n<span>Les liens suivants expliquent comment les cookies sont g\u00e9r\u00e9s selon les diff\u00e9rents navigateurs Web :<\/span><\/p>\n<p><span>Chrome, depuis\u00a0\u00a0<\/span><span>http:\/\/support.google.com\/chrome\/bin\/answer.py?hl=es&amp;answer=95647<\/span><br \/>\n<span>Explorer, depuis\u00a0\u00a0<\/span><span>http:\/\/windows.microsoft.com\/es-es\/windows7\/how-to-manage-cookies-in-internet-explorer-9<\/span><br \/>\n<span>Firefox, depuis\u00a0\u00a0<\/span><span>http:\/\/support.mozilla.org\/es\/kb\/habilitar-y-deshabilitar-cookies-que-los-sitios-we<\/span><br \/>\n<span>Safari, depuis\u00a0\u00a0<\/span><span>http:\/\/support.apple.com\/kb\/ph5042<\/span><br \/>\n<span>Plus d&rsquo;informations sur les cookies et leur politique<\/span><\/p>\n<p><span>Vous pouvez trouver plus d&rsquo;informations dans les liens suivants :<\/span><br \/>\n<span>http:\/\/en.wikipedia.org\/wiki\/HTTP_cookie<\/span><br \/>\n<span>http:\/\/www.agpd.es\/portalwebAGPD\/canaldocumentacion\/publicaciones\/common\/Guias\/Guia_Cookies.pdf<\/span><\/p>\n","protected":false},"excerpt":{"rendered":"<p>D\u00e9finition et fonction des Cookies Un cookie est un cookie de navigateur qui est t\u00e9l\u00e9charg\u00e9 sur votre ordinateur lorsque vous acc\u00e9dez \u00e0 certains sites Web. Les cookies permettent, entre autres, d&rsquo;enregistrer de mani\u00e8re anonyme l&rsquo;activit\u00e9 de l&rsquo;utilisateur sur le site Web, afin qu&rsquo;ils puissent m\u00e9moriser certains param\u00e8tres et informations afin d&rsquo;analyser les donn\u00e9es de l&rsquo;utilisateur, [&hellip;]<\/p>\n","protected":false},"author":4,"featured_media":0,"parent":0,"menu_order":0,"comment_status":"closed","ping_status":"closed","template":"","meta":{"footnotes":""},"class_list":["post-2306","page","type-page","status-publish","hentry"],"_links":{"self":[{"href":"https:\/\/canbufi.com\/fr\/wp-json\/wp\/v2\/pages\/2306","targetHints":{"allow":["GET"]}}],"collection":[{"href":"https:\/\/canbufi.com\/fr\/wp-json\/wp\/v2\/pages"}],"about":[{"href":"https:\/\/canbufi.com\/fr\/wp-json\/wp\/v2\/types\/page"}],"author":[{"embeddable":true,"href":"https:\/\/canbufi.com\/fr\/wp-json\/wp\/v2\/users\/4"}],"replies":[{"embeddable":true,"href":"https:\/\/canbufi.com\/fr\/wp-json\/wp\/v2\/comments?post=2306"}],"version-history":[{"count":2,"href":"https:\/\/canbufi.com\/fr\/wp-json\/wp\/v2\/pages\/2306\/revisions"}],"predecessor-version":[{"id":2334,"href":"https:\/\/canbufi.com\/fr\/wp-json\/wp\/v2\/pages\/2306\/revisions\/2334"}],"wp:attachment":[{"href":"https:\/\/canbufi.com\/fr\/wp-json\/wp\/v2\/media?parent=2306"}],"curies":[{"name":"wp","href":"https:\/\/api.w.org\/{rel}","templated":true}]}}