{"id":2300,"date":"2025-02-06T10:51:12","date_gmt":"2025-02-06T10:51:12","guid":{"rendered":"https:\/\/canbufi.com\/nota-legal\/"},"modified":"2025-02-11T10:01:20","modified_gmt":"2025-02-11T10:01:20","slug":"mentions-legales","status":"publish","type":"page","link":"https:\/\/canbufi.com\/fr\/mentions-legales\/","title":{"rendered":"Mentions L\u00e9gales"},"content":{"rendered":"<p><span>Le site Web et le domaine canbufi.com correspondent \u00e0 CAN BUFI, dont le si\u00e8ge social est situ\u00e9 \u00e0 Ve\u00efnat de llobatera, 20, 17240, G\u00e9rone, adresse e-mail\u00a0\u00a0<\/span><span>info@canbufi.com<\/span><\/p>\n<div id=\"ez-toc-container\" class=\"ez-toc-v2_0_82_2 counter-hierarchy ez-toc-counter ez-toc-grey ez-toc-container-direction\">\n<div class=\"ez-toc-title-container\">\n<p class=\"ez-toc-title\" style=\"cursor:inherit\">Table of Contents<\/p>\n<span class=\"ez-toc-title-toggle\"><a href=\"#\" class=\"ez-toc-pull-right ez-toc-btn ez-toc-btn-xs ez-toc-btn-default ez-toc-toggle\" aria-label=\"Toggle Table of Content\"><span class=\"ez-toc-js-icon-con\"><span class=\"\"><span class=\"eztoc-hide\" style=\"display:none;\">Toggle<\/span><span class=\"ez-toc-icon-toggle-span\"><svg style=\"fill: #999;color:#999\" xmlns=\"http:\/\/www.w3.org\/2000\/svg\" class=\"list-377408\" width=\"20px\" height=\"20px\" viewBox=\"0 0 24 24\" fill=\"none\"><path d=\"M6 6H4v2h2V6zm14 0H8v2h12V6zM4 11h2v2H4v-2zm16 0H8v2h12v-2zM4 16h2v2H4v-2zm16 0H8v2h12v-2z\" fill=\"currentColor\"><\/path><\/svg><svg style=\"fill: #999;color:#999\" class=\"arrow-unsorted-368013\" xmlns=\"http:\/\/www.w3.org\/2000\/svg\" width=\"10px\" height=\"10px\" viewBox=\"0 0 24 24\" version=\"1.2\" baseProfile=\"tiny\"><path d=\"M18.2 9.3l-6.2-6.3-6.2 6.3c-.2.2-.3.4-.3.7s.1.5.3.7c.2.2.4.3.7.3h11c.3 0 .5-.1.7-.3.2-.2.3-.5.3-.7s-.1-.5-.3-.7zM5.8 14.7l6.2 6.3 6.2-6.3c.2-.2.3-.5.3-.7s-.1-.5-.3-.7c-.2-.2-.4-.3-.7-.3h-11c-.3 0-.5.1-.7.3-.2.2-.3.5-.3.7s.1.5.3.7z\"\/><\/svg><\/span><\/span><\/span><\/a><\/span><\/div>\n<nav><ul class='ez-toc-list ez-toc-list-level-1 ' ><li class='ez-toc-page-1 ez-toc-heading-level-3'><a class=\"ez-toc-link ez-toc-heading-1\" href=\"https:\/\/canbufi.com\/fr\/mentions-legales\/#Propriete_intellectuelle_et_industrielle\" >Propri\u00e9t\u00e9 intellectuelle et industrielle :<\/a><\/li><li class='ez-toc-page-1 ez-toc-heading-level-3'><a class=\"ez-toc-link ez-toc-heading-2\" href=\"https:\/\/canbufi.com\/fr\/mentions-legales\/#Responsabilite_du_contenu\" >Responsabilit\u00e9 du contenu<\/a><\/li><li class='ez-toc-page-1 ez-toc-heading-level-3'><a class=\"ez-toc-link ez-toc-heading-3\" href=\"https:\/\/canbufi.com\/fr\/mentions-legales\/#Conditions_dutilisation\" >Conditions d&rsquo;utilisation<\/a><\/li><\/ul><\/nav><\/div>\n<h3><span class=\"ez-toc-section\" id=\"Propriete_intellectuelle_et_industrielle\"><\/span><span>Propri\u00e9t\u00e9 intellectuelle et industrielle :<\/span><span class=\"ez-toc-section-end\"><\/span><\/h3>\n<p><span>Les droits sur le contenu de ce site, y compris les textes, images, graphismes, marques et autres signes distinctifs (dans le contenu), appartiennent \u00e0\u00a0\u00a0<\/span><span class=\"bld-txt\"><span>CAN BUFI<\/span><\/span><span>\u00a0\u00a0ou \u00e0 des tiers qui n&rsquo;ont pas autoris\u00e9 leur utilisation.\u00a0\u00a0<\/span><span class=\"bld-txt\"><span>CAN BUFI<\/span><\/span><span>\u00a0pr\u00e9sente ces contenus pour informer sur ses services et activit\u00e9s.\u00a0<\/span><span class=\"bld-txt\"><span>\u00a0CAN BUFI<\/span><\/span><span>\u00a0autorise l&rsquo;utilisation du contenu \u00e0 des fins non commerciales \u00e0 condition que la source soit clairement indiqu\u00e9e. Si le contenu est utilis\u00e9 dans des environnements Web, un lien vers www.canbufi.com sera inclus.\u00a0\u00a0<\/span><span class=\"bl\"><span>CAN BUFI<\/span><\/span><span>\u00a0se r\u00e9serve le droit d&rsquo;engager les actions juridiques appropri\u00e9es pour d\u00e9fendre ses droits de propri\u00e9t\u00e9 intellectuelle ou industrielle.<\/span><\/p>\n<p><span>Les pr\u00e9sentations du contenu de ce site ne sont pas autoris\u00e9es dans une fen\u00eatre autre que\u00a0\u00a0<\/span><span>www.canbufi.com<\/span><\/p>\n<h3><span class=\"ez-toc-section\" id=\"Responsabilite_du_contenu\"><\/span><span>Responsabilit\u00e9 du contenu<\/span><span class=\"ez-toc-section-end\"><\/span><\/h3>\n<p><span>Bien que\u00a0\u00a0<\/span><span class=\"bld-txt\"><span>CAN BUFI<\/span><\/span><span>\u00a0agisse avec la plus grande diligence, elle peut informer l&rsquo;utilisateur dans le cas o\u00f9 des donn\u00e9es ou informations ne seraient pas enti\u00e8rement \u00e0 jour au moment o\u00f9 l&rsquo;utilisateur du site les consulte. Pour cette raison,\u00a0\u00a0<\/span><span class=\"bld-txt\"><span>CAN BUFI<\/span><\/span><span>\u00a0d\u00e9clare que les r\u00e9f\u00e9rences aux services pr\u00e9sents sur son site Web ont une fonction indicative et n&rsquo;obligent pas\u00a0\u00a0<\/span><span class=\"bld-txt\"><span>CAN BUFI<\/span><\/span><span>\u00a0\u00a0\u00e0 contracter express\u00e9ment une commande.<\/span><\/p>\n<p><span class=\"bld-txt\"><span>CAN BUFI<\/span><\/span><span>\u00a0\u00a0se r\u00e9serve le droit de modifier unilat\u00e9ralement, \u00e0 tout moment et sans pr\u00e9avis, la pr\u00e9sentation, la configuration et le contenu du site.<\/span><\/p>\n<p><span class=\"bld-txt\"><span>CAN BUFI<\/span><\/span><span>\u00a0\u00a0ne sera pas responsable des informations qui pourraient \u00eatre obtenues via les liens inclus sur le site.<\/span><\/p>\n<h3><span class=\"ez-toc-section\" id=\"Conditions_dutilisation\"><\/span><span>Conditions d&rsquo;utilisation<\/span><span class=\"ez-toc-section-end\"><\/span><\/h3>\n<p><span>L&rsquo;utilisation de ce site Web implique l&rsquo;acceptation pleine et enti\u00e8re des termes et conditions de la pr\u00e9sente mention l\u00e9gale. Tout conflit \u00e9ventuel relatif \u00e0 ce site Web sera r\u00e9gi exclusivement par la loi de l&rsquo;\u00c9tat espagnol. Tout utilisateur du site Web, quelle que soit la juridiction territoriale \u00e0 partir de laquelle il acc\u00e8de, accepte le compliment et respecte ces clauses avec renonciation expresse \u00e0 toutes autres qui pourraient lui \u00eatre applicables.<\/span><\/p>\n","protected":false},"excerpt":{"rendered":"<p>Le site Web et le domaine canbufi.com correspondent \u00e0 CAN BUFI, dont le si\u00e8ge social est situ\u00e9 \u00e0 Ve\u00efnat de llobatera, 20, 17240, G\u00e9rone, adresse e-mail\u00a0\u00a0info@canbufi.com Propri\u00e9t\u00e9 intellectuelle et industrielle : Les droits sur le contenu de ce site, y compris les textes, images, graphismes, marques et autres signes distinctifs (dans le contenu), appartiennent \u00e0\u00a0\u00a0CAN [&hellip;]<\/p>\n","protected":false},"author":4,"featured_media":0,"parent":0,"menu_order":0,"comment_status":"closed","ping_status":"closed","template":"","meta":{"footnotes":""},"class_list":["post-2300","page","type-page","status-publish","hentry"],"_links":{"self":[{"href":"https:\/\/canbufi.com\/fr\/wp-json\/wp\/v2\/pages\/2300","targetHints":{"allow":["GET"]}}],"collection":[{"href":"https:\/\/canbufi.com\/fr\/wp-json\/wp\/v2\/pages"}],"about":[{"href":"https:\/\/canbufi.com\/fr\/wp-json\/wp\/v2\/types\/page"}],"author":[{"embeddable":true,"href":"https:\/\/canbufi.com\/fr\/wp-json\/wp\/v2\/users\/4"}],"replies":[{"embeddable":true,"href":"https:\/\/canbufi.com\/fr\/wp-json\/wp\/v2\/comments?post=2300"}],"version-history":[{"count":4,"href":"https:\/\/canbufi.com\/fr\/wp-json\/wp\/v2\/pages\/2300\/revisions"}],"predecessor-version":[{"id":2332,"href":"https:\/\/canbufi.com\/fr\/wp-json\/wp\/v2\/pages\/2300\/revisions\/2332"}],"wp:attachment":[{"href":"https:\/\/canbufi.com\/fr\/wp-json\/wp\/v2\/media?parent=2300"}],"curies":[{"name":"wp","href":"https:\/\/api.w.org\/{rel}","templated":true}]}}