{"id":2289,"date":"2025-02-06T11:13:24","date_gmt":"2025-02-06T11:13:24","guid":{"rendered":"https:\/\/canbufi.com\/politica-privacitat\/"},"modified":"2025-02-11T10:01:20","modified_gmt":"2025-02-11T10:01:20","slug":"politique-de-confidentialite","status":"publish","type":"page","link":"https:\/\/canbufi.com\/fr\/politique-de-confidentialite\/","title":{"rendered":"Politique de Confidentialit\u00e9"},"content":{"rendered":"<p>MONVI NATURA SL vous informe de sa politique de confidentialit\u00e9 concernant le traitement et la protection des donn\u00e9es personnelles des utilisateurs et des clients qui peuvent \u00eatre collect\u00e9es lors de la navigation ou de la souscription de services via le site Web www.canbufi.com.<\/p>\n<section id=\"brxe-7ba81d\" class=\"brxe-section\">\n<div id=\"brxe-734184\" class=\"brxe-container align-center gap-s\">\n<div id=\"brxe-8d428d\" class=\"brxe-block align-center gap-l\">\n<div id=\"brxe-f1adc3\" class=\"brxe-text\">\n<p>\u00c0 cet \u00e9gard, le Propri\u00e9taire garantit le respect de la r\u00e9glementation en vigueur en mati\u00e8re de protection des donn\u00e9es personnelles, refl\u00e9t\u00e9e dans la loi organique 3\/2018, du 5 d\u00e9cembre, sur la protection des donn\u00e9es personnelles et la garantie des droits num\u00e9riques (LOPD GDD). Il est \u00e9galement conforme au R\u00e8glement (UE) 2016\/679 du Parlement europ\u00e9en et du Conseil du 27 avril 2016 relatif \u00e0 la protection des personnes physiques (RGPD).<\/p>\n<p>L&rsquo;utilisation du site Web implique l&rsquo;acceptation de la pr\u00e9sente politique de confidentialit\u00e9 ainsi que des conditions incluses dans les mentions l\u00e9gales.<\/p>\n<div id=\"ez-toc-container\" class=\"ez-toc-v2_0_82_2 counter-hierarchy ez-toc-counter ez-toc-grey ez-toc-container-direction\">\n<div class=\"ez-toc-title-container\">\n<p class=\"ez-toc-title\" style=\"cursor:inherit\">Table of Contents<\/p>\n<span class=\"ez-toc-title-toggle\"><a href=\"#\" class=\"ez-toc-pull-right ez-toc-btn ez-toc-btn-xs ez-toc-btn-default ez-toc-toggle\" aria-label=\"Toggle Table of Content\"><span class=\"ez-toc-js-icon-con\"><span class=\"\"><span class=\"eztoc-hide\" style=\"display:none;\">Toggle<\/span><span class=\"ez-toc-icon-toggle-span\"><svg style=\"fill: #999;color:#999\" xmlns=\"http:\/\/www.w3.org\/2000\/svg\" class=\"list-377408\" width=\"20px\" height=\"20px\" viewBox=\"0 0 24 24\" fill=\"none\"><path d=\"M6 6H4v2h2V6zm14 0H8v2h12V6zM4 11h2v2H4v-2zm16 0H8v2h12v-2zM4 16h2v2H4v-2zm16 0H8v2h12v-2z\" fill=\"currentColor\"><\/path><\/svg><svg style=\"fill: #999;color:#999\" class=\"arrow-unsorted-368013\" xmlns=\"http:\/\/www.w3.org\/2000\/svg\" width=\"10px\" height=\"10px\" viewBox=\"0 0 24 24\" version=\"1.2\" baseProfile=\"tiny\"><path d=\"M18.2 9.3l-6.2-6.3-6.2 6.3c-.2.2-.3.4-.3.7s.1.5.3.7c.2.2.4.3.7.3h11c.3 0 .5-.1.7-.3.2-.2.3-.5.3-.7s-.1-.5-.3-.7zM5.8 14.7l6.2 6.3 6.2-6.3c.2-.2.3-.5.3-.7s-.1-.5-.3-.7c-.2-.2-.4-.3-.7-.3h-11c-.3 0-.5.1-.7.3-.2.2-.3.5-.3.7s.1.5.3.7z\"\/><\/svg><\/span><\/span><\/span><\/a><\/span><\/div>\n<nav><ul class='ez-toc-list ez-toc-list-level-1 ' ><li class='ez-toc-page-1 ez-toc-heading-level-3'><a class=\"ez-toc-link ez-toc-heading-1\" href=\"https:\/\/canbufi.com\/fr\/politique-de-confidentialite\/#Identite_de_la_personne_responsable\" >Identit\u00e9 de la personne responsable<\/a><\/li><li class='ez-toc-page-1 ez-toc-heading-level-3'><a class=\"ez-toc-link ez-toc-heading-2\" href=\"https:\/\/canbufi.com\/fr\/politique-de-confidentialite\/#Principes_appliques_au_traitement_des_donnees\" >Principes appliqu\u00e9s au traitement des donn\u00e9es<\/a><\/li><li class='ez-toc-page-1 ez-toc-heading-level-3'><a class=\"ez-toc-link ez-toc-heading-3\" href=\"https:\/\/canbufi.com\/fr\/politique-de-confidentialite\/#Obtention_de_donnees_personnelles\" >Obtention de donn\u00e9es personnelles<\/a><\/li><li class='ez-toc-page-1 ez-toc-heading-level-3'><a class=\"ez-toc-link ez-toc-heading-4\" href=\"https:\/\/canbufi.com\/fr\/politique-de-confidentialite\/#Vos_droits\" >Vos droits<\/a><\/li><li class='ez-toc-page-1 ez-toc-heading-level-3'><a class=\"ez-toc-link ez-toc-heading-5\" href=\"https:\/\/canbufi.com\/fr\/politique-de-confidentialite\/#Finalite_du_traitement_des_donnees_personnelles\" >Finalit\u00e9 du traitement des donn\u00e9es personnelles<\/a><\/li><li class='ez-toc-page-1 ez-toc-heading-level-3'><a class=\"ez-toc-link ez-toc-heading-6\" href=\"https:\/\/canbufi.com\/fr\/politique-de-confidentialite\/#Securite_des_donnees_personnelles\" >S\u00e9curit\u00e9 des donn\u00e9es personnelles<\/a><\/li><li class='ez-toc-page-1 ez-toc-heading-level-3'><a class=\"ez-toc-link ez-toc-heading-7\" href=\"https:\/\/canbufi.com\/fr\/politique-de-confidentialite\/#Politique_de_cookies\" >Politique de cookies<\/a><\/li><li class='ez-toc-page-1 ez-toc-heading-level-3'><a class=\"ez-toc-link ez-toc-heading-8\" href=\"https:\/\/canbufi.com\/fr\/politique-de-confidentialite\/#Legitimation_du_traitement_des_donnees\" >L\u00e9gitimation du traitement des donn\u00e9es<\/a><\/li><li class='ez-toc-page-1 ez-toc-heading-level-3'><a class=\"ez-toc-link ez-toc-heading-9\" href=\"https:\/\/canbufi.com\/fr\/politique-de-confidentialite\/#Categories_de_donnees_personnelles\" >Cat\u00e9gories de donn\u00e9es personnelles<\/a><\/li><li class='ez-toc-page-1 ez-toc-heading-level-3'><a class=\"ez-toc-link ez-toc-heading-10\" href=\"https:\/\/canbufi.com\/fr\/politique-de-confidentialite\/#Conservation_des_donnees_personnelles\" >Conservation des donn\u00e9es personnelles<\/a><\/li><li class='ez-toc-page-1 ez-toc-heading-level-3'><a class=\"ez-toc-link ez-toc-heading-11\" href=\"https:\/\/canbufi.com\/fr\/politique-de-confidentialite\/#Destinataires_des_donnees_personnelles\" >Destinataires des donn\u00e9es personnelles<\/a><\/li><li class='ez-toc-page-1 ez-toc-heading-level-3'><a class=\"ez-toc-link ez-toc-heading-12\" href=\"https:\/\/canbufi.com\/fr\/politique-de-confidentialite\/#Navigation_sur_le_Web\" >Navigation sur le Web<\/a><\/li><li class='ez-toc-page-1 ez-toc-heading-level-3'><a class=\"ez-toc-link ez-toc-heading-13\" href=\"https:\/\/canbufi.com\/fr\/politique-de-confidentialite\/#Exactitude_et_veracite_des_donnees_personnelles\" >Exactitude et v\u00e9racit\u00e9 des donn\u00e9es personnelles<\/a><\/li><li class='ez-toc-page-1 ez-toc-heading-level-3'><a class=\"ez-toc-link ez-toc-heading-14\" href=\"https:\/\/canbufi.com\/fr\/politique-de-confidentialite\/#Acceptation_et_consentement\" >Acceptation et consentement<\/a><\/li><li class='ez-toc-page-1 ez-toc-heading-level-3'><a class=\"ez-toc-link ez-toc-heading-15\" href=\"https:\/\/canbufi.com\/fr\/politique-de-confidentialite\/#Revocabilite\" >R\u00e9vocabilit\u00e9<\/a><\/li><li class='ez-toc-page-1 ez-toc-heading-level-3'><a class=\"ez-toc-link ez-toc-heading-16\" href=\"https:\/\/canbufi.com\/fr\/politique-de-confidentialite\/#Modifications_de_la_politique_de_confidentialite\" >Modifications de la politique de confidentialit\u00e9<\/a><\/li><\/ul><\/nav><\/div>\n<h3><span class=\"ez-toc-section\" id=\"Identite_de_la_personne_responsable\"><\/span>Identit\u00e9 de la personne responsable<span class=\"ez-toc-section-end\"><\/span><\/h3>\n<ul>\n<li>Propri\u00e9taire: MONVI NATURA SL<\/li>\n<li>Num\u00e9ro d&rsquo;identification fiscale\/num\u00e9ro de dossier fiscal : B13968714<\/li>\n<li>Adresse : C\/ JOAN MARAGALL 11 1-1 17002 GIRONA<\/li>\n<li>Courriel : hola@canbufi.com<\/li>\n<li>Site Web : www.canbufi.com<\/li>\n<\/ul>\n<h3><span class=\"ez-toc-section\" id=\"Principes_appliques_au_traitement_des_donnees\"><\/span>Principes appliqu\u00e9s au traitement des donn\u00e9es<span class=\"ez-toc-section-end\"><\/span><\/h3>\n<p>Lors du traitement de vos donn\u00e9es personnelles, le Responsable du traitement appliquera les principes suivants qui sont conformes aux exigences du nouveau r\u00e8glement europ\u00e9en sur la protection des donn\u00e9es :<\/p>\n<ul>\n<li><strong>Principe de l\u00e9galit\u00e9, de loyaut\u00e9 et de transparence :<\/strong>\u00a0\u00a0Le Titulaire exigera toujours votre consentement pour le traitement de vos donn\u00e9es personnelles, qui pourra avoir une ou plusieurs finalit\u00e9s sp\u00e9cifiques dont il vous informera au pr\u00e9alable en toute transparence.<\/li>\n<li><strong>Principe de minimisation des donn\u00e9es :<\/strong>\u00a0\u00a0Le Propri\u00e9taire ne demandera que les donn\u00e9es qui sont strictement n\u00e9cessaires aux finalit\u00e9s pour lesquelles elles sont demand\u00e9es.<\/li>\n<li><strong>Principe de limitation de la dur\u00e9e de conservation :<\/strong>\u00a0\u00a0Les donn\u00e9es seront conserv\u00e9es pendant la dur\u00e9e strictement n\u00e9cessaire \u00e0 la ou aux finalit\u00e9s du traitement.<br \/>\nLe Propri\u00e9taire vous informera de la dur\u00e9e de conservation correspondante en fonction de la finalit\u00e9. Dans le cas d\u2019abonnements, le Propri\u00e9taire examinera p\u00e9riodiquement les listes et supprimera les enregistrements qui sont inactifs depuis un temps consid\u00e9rable.<\/li>\n<li><strong>Principe d&rsquo;int\u00e9grit\u00e9 et de confidentialit\u00e9 :<\/strong>\u00a0\u00a0Vos donn\u00e9es seront trait\u00e9es de mani\u00e8re \u00e0 ce que leur s\u00e9curit\u00e9, leur confidentialit\u00e9 et leur int\u00e9grit\u00e9 soient garanties. Vous devez savoir que le Propri\u00e9taire prend les pr\u00e9cautions n\u00e9cessaires pour emp\u00eacher l&rsquo;acc\u00e8s non autoris\u00e9 ou l&rsquo;utilisation abusive des donn\u00e9es de ses utilisateurs par des tiers.<\/li>\n<\/ul>\n<h3><span class=\"ez-toc-section\" id=\"Obtention_de_donnees_personnelles\"><\/span>Obtention de donn\u00e9es personnelles<span class=\"ez-toc-section-end\"><\/span><\/h3>\n<p>Pour naviguer sur www.canbufi.com, vous n&rsquo;avez pas besoin de fournir de donn\u00e9es personnelles. Les cas dans lesquels vous fournissez vos donn\u00e9es personnelles sont les suivants :<\/p>\n<ul>\n<li>En nous contactant via les formulaires de contact ou en envoyant un email.<\/li>\n<\/ul>\n<h3><span class=\"ez-toc-section\" id=\"Vos_droits\"><\/span>Vos droits<span class=\"ez-toc-section-end\"><\/span><\/h3>\n<p>Le Propri\u00e9taire vous informe que concernant vos donn\u00e9es personnelles, vous avez le droit de :<\/p>\n<ul>\n<li>Demander l&rsquo;acc\u00e8s aux donn\u00e9es stock\u00e9es.<\/li>\n<li>Demander une rectification ou une annulation.<\/li>\n<li>Demander la limitation de votre traitement.<\/li>\n<li>Objet au traitement.<\/li>\n<li>Demandez la portabilit\u00e9 de vos donn\u00e9es.<\/li>\n<\/ul>\n<p>L&rsquo;exercice de ces droits est personnel et doit donc \u00eatre exerc\u00e9 directement par l&rsquo;int\u00e9ress\u00e9, en le demandant directement au Propri\u00e9taire, ce qui signifie que tout client, abonn\u00e9 ou collaborateur ayant fourni ses donn\u00e9es peut \u00e0 tout moment contacter le Propri\u00e9taire et demander des informations sur les donn\u00e9es stock\u00e9es et comment elles ont \u00e9t\u00e9 obtenues, demander la rectification de celles-ci, demander la portabilit\u00e9 de ses donn\u00e9es personnelles, s&rsquo;opposer au traitement, limiter son utilisation ou demander l&rsquo;annulation de ces donn\u00e9es dans les fichiers du Propri\u00e9taire.<\/p>\n<p>Pour exercer vos droits d&rsquo;acc\u00e8s, de rectification, d&rsquo;annulation, de portabilit\u00e9 et d&rsquo;opposition, vous devez envoyer un courrier \u00e9lectronique \u00e0 hola@canbufi.com accompagn\u00e9 d&rsquo;une preuve l\u00e9gale valable telle qu&rsquo;une photocopie de votre pi\u00e8ce d&rsquo;identit\u00e9 ou \u00e9quivalent.<\/p>\n<p>Vous avez le droit \u00e0 une protection juridictionnelle effective et de d\u00e9poser une plainte aupr\u00e8s de l&rsquo;autorit\u00e9 de contr\u00f4le, en l&rsquo;occurrence l&rsquo;Agence espagnole de protection des donn\u00e9es, si vous estimez que le traitement des donn\u00e9es personnelles vous concernant enfreint le R\u00e8glement.<\/p>\n<h3><span class=\"ez-toc-section\" id=\"Finalite_du_traitement_des_donnees_personnelles\"><\/span>Finalit\u00e9 du traitement des donn\u00e9es personnelles<span class=\"ez-toc-section-end\"><\/span><\/h3>\n<p>Lorsque vous vous connectez au Site Web pour envoyer un e-mail au Propri\u00e9taire, vous abonner \u00e0 la newsletter ou effectuer un achat, vous fournissez des informations personnelles dont le Propri\u00e9taire est responsable. Ces informations peuvent inclure des donn\u00e9es personnelles telles que votre adresse IP, votre nom et pr\u00e9nom, votre adresse physique, votre adresse e-mail, votre num\u00e9ro de t\u00e9l\u00e9phone et d&rsquo;autres informations. En fournissant ces informations, vous consentez \u00e0 ce que vos informations soient collect\u00e9es, utilis\u00e9es, g\u00e9r\u00e9es et stock\u00e9es par www.canbufi.com, uniquement comme d\u00e9crit dans les mentions l\u00e9gales et dans la pr\u00e9sente politique de confidentialit\u00e9.<\/p>\n<p>Les donn\u00e9es personnelles et la finalit\u00e9 du traitement par le Propri\u00e9taire sont diff\u00e9rentes selon le syst\u00e8me de capture des informations :<\/p>\n<ul>\n<li><strong>Formulaires de contact :<\/strong>\u00a0\u00a0Le Propri\u00e9taire demande des donn\u00e9es personnelles qui peuvent inclure : Nom et pr\u00e9nom, adresse e-mail, num\u00e9ro de t\u00e9l\u00e9phone et adresse du site Web afin de r\u00e9pondre \u00e0 vos questions.<br \/>\nPar exemple, le Propri\u00e9taire utilise ces donn\u00e9es pour r\u00e9pondre \u00e0 vos messages, questions, plaintes, commentaires ou pr\u00e9occupations que vous pourriez avoir concernant les informations incluses sur le Site Web, les services fournis via le Site Web, le traitement de vos donn\u00e9es personnelles, les questions concernant les textes juridiques inclus sur le Site Web, ainsi que toute autre requ\u00eate que vous pourriez avoir et qui n&rsquo;est pas soumise aux conditions du Site Web ou du contrat.<\/li>\n<li><strong>Formulaires d&rsquo;abonnement au contenu :<\/strong>\u00a0\u00a0Le Propri\u00e9taire demande les donn\u00e9es personnelles suivantes : Nom et pr\u00e9nom, adresse e-mail, num\u00e9ro de t\u00e9l\u00e9phone et adresse du site Web pour g\u00e9rer la liste d&rsquo;abonnement, envoyer des newsletters, des promotions et des offres sp\u00e9ciales.<br \/>\nLes donn\u00e9es que vous fournissez au Propri\u00e9taire seront situ\u00e9es sur les serveurs de The Rocket Science Group LLC d\/b\/a, domicili\u00e9s aux \u00c9tats-Unis. (Mailchimp).<\/li>\n<\/ul>\n<p>Il existe d&rsquo;autres finalit\u00e9s pour lesquelles le Propri\u00e9taire traite vos donn\u00e9es personnelles :<\/p>\n<ul>\n<li>Assurer le respect des conditions \u00e9nonc\u00e9es dans les Mentions L\u00e9gales et dans la loi applicable. Cela peut inclure le d\u00e9veloppement d\u2019outils et d\u2019algorithmes pour aider ce site Web \u00e0 garantir la confidentialit\u00e9 des donn\u00e9es personnelles qu\u2019il collecte.<\/li>\n<li>Pour soutenir et am\u00e9liorer les services offerts par ce site Web.<\/li>\n<li>Pour analyser la navigation. Le Propri\u00e9taire collecte d&rsquo;autres donn\u00e9es non identifiantes obtenues gr\u00e2ce \u00e0 l&rsquo;utilisation de cookies qui sont t\u00e9l\u00e9charg\u00e9s sur votre ordinateur lorsque vous naviguez sur le Site Web, dont les caract\u00e9ristiques et la finalit\u00e9 sont d\u00e9taill\u00e9es dans la Politique de Cookies.<\/li>\n<li>G\u00e9rer les r\u00e9seaux sociaux. le Propri\u00e9taire est pr\u00e9sent sur les r\u00e9seaux sociaux. Si vous devenez un follower sur les r\u00e9seaux sociaux du Propri\u00e9taire, le traitement des donn\u00e9es personnelles sera r\u00e9gi par cette section, ainsi que par les conditions d&rsquo;utilisation, les politiques de confidentialit\u00e9 et les r\u00e9glementations d&rsquo;acc\u00e8s appartenant au r\u00e9seau social qui s&rsquo;appliquent dans chaque cas et que vous avez pr\u00e9alablement accept\u00e9es.<\/li>\n<\/ul>\n<p>Vous pouvez consulter les politiques de confidentialit\u00e9 des principaux r\u00e9seaux sociaux sur ces liens :<\/p>\n<ul>\n<li>Facebook<\/li>\n<li>Gazouillement<\/li>\n<li>Linkedin<\/li>\n<li>YouTube<\/li>\n<li>Instagram<\/li>\n<\/ul>\n<p>Le Propri\u00e9taire traitera vos donn\u00e9es personnelles dans le but de g\u00e9rer correctement sa pr\u00e9sence sur le r\u00e9seau social, de vous informer de ses activit\u00e9s, produits ou services, ainsi qu&rsquo;\u00e0 toute autre fin autoris\u00e9e par la r\u00e9glementation des r\u00e9seaux sociaux.<\/p>\n<p>En aucun cas, le Propri\u00e9taire n&rsquo;utilisera les profils des abonn\u00e9s sur les r\u00e9seaux sociaux pour envoyer de la publicit\u00e9 sur une base individuelle.<\/p>\n<h3><span class=\"ez-toc-section\" id=\"Securite_des_donnees_personnelles\"><\/span>S\u00e9curit\u00e9 des donn\u00e9es personnelles<span class=\"ez-toc-section-end\"><\/span><\/h3>\n<p>Pour prot\u00e9ger vos donn\u00e9es personnelles, le Propri\u00e9taire prend toutes les pr\u00e9cautions raisonnables et suit les meilleures pratiques du secteur pour emp\u00eacher leur perte, leur utilisation abusive, leur acc\u00e8s non autoris\u00e9, leur divulgation, leur alt\u00e9ration ou leur destruction.<\/p>\n<p>Le site Web est h\u00e9berg\u00e9 par 6TEMS Comunicaci\u00f3 Interactiva SL,. La s\u00e9curit\u00e9 de vos donn\u00e9es est garantie, car ils prennent toutes les mesures de s\u00e9curit\u00e9 n\u00e9cessaires pour ce faire. Vous pouvez consulter leur politique de confidentialit\u00e9 pour plus d&rsquo;informations.<\/p>\n<p>Contenu provenant d&rsquo;autres sites Web<\/p>\n<p>Les pages de ce site Web peuvent inclure du contenu int\u00e9gr\u00e9 (par exemple des vid\u00e9os, des images, des articles, etc.). Le contenu int\u00e9gr\u00e9 provenant d\u2019autres sites Web se comporte exactement de la m\u00eame mani\u00e8re que si le visiteur avait visit\u00e9 l\u2019autre site Web.<\/p>\n<p>Ces sites Web peuvent collecter des donn\u00e9es vous concernant, utiliser des cookies, int\u00e9grer un code de suivi tiers suppl\u00e9mentaire et surveiller votre interaction \u00e0 l&rsquo;aide de ce code.<\/p>\n<h3><span class=\"ez-toc-section\" id=\"Politique_de_cookies\"><\/span>Politique de cookies<span class=\"ez-toc-section-end\"><\/span><\/h3>\n<p>Pour que ce site Web fonctionne correctement, il doit utiliser des cookies, qui sont des informations stock\u00e9es dans votre navigateur Web.<\/p>\n<p>Sur la page Politique de Cookies, vous pouvez consulter toutes les informations relatives \u00e0 la politique de collecte, \u00e0 la finalit\u00e9 et au traitement des cookies.<\/p>\n<h3><span class=\"ez-toc-section\" id=\"Legitimation_du_traitement_des_donnees\"><\/span>L\u00e9gitimation du traitement des donn\u00e9es<span class=\"ez-toc-section-end\"><\/span><\/h3>\n<p>La base juridique du traitement de vos donn\u00e9es est : le consentement.<\/p>\n<p>Pour contacter le propri\u00e9taire, vous abonner \u00e0 une newsletter ou faire des commentaires sur ce site Web, vous devez accepter cette politique de confidentialit\u00e9.<\/p>\n<h3><span class=\"ez-toc-section\" id=\"Categories_de_donnees_personnelles\"><\/span>Cat\u00e9gories de donn\u00e9es personnelles<span class=\"ez-toc-section-end\"><\/span><\/h3>\n<p>Les cat\u00e9gories de donn\u00e9es personnelles trait\u00e9es par le Propri\u00e9taire sont :<\/p>\n<ul>\n<li>Donn\u00e9es d&rsquo;identification.<\/li>\n<\/ul>\n<h3><span class=\"ez-toc-section\" id=\"Conservation_des_donnees_personnelles\"><\/span>Conservation des donn\u00e9es personnelles<span class=\"ez-toc-section-end\"><\/span><\/h3>\n<p>Les donn\u00e9es personnelles que vous fournissez au Propri\u00e9taire seront conserv\u00e9es jusqu&rsquo;\u00e0 ce que vous demandiez leur suppression.<\/p>\n<h3><span class=\"ez-toc-section\" id=\"Destinataires_des_donnees_personnelles\"><\/span>Destinataires des donn\u00e9es personnelles<span class=\"ez-toc-section-end\"><\/span><\/h3>\n<ul>\n<li><strong>Mailchimp<\/strong>\u00a0\u00a0The Rocket Science Group LLC d\/b\/a, domicili\u00e9 aux \u00c9tats-Unis.<br \/>\nVous pouvez trouver plus d&rsquo;informations sur :\u00a0\u00a0https:\/\/mailchimp.com<br \/>\nThe Rocket Science Group LLC d\/b\/a traite les donn\u00e9es dans le but de fournir ses services de marketing par e-mail au Propri\u00e9taire.<\/li>\n<li><strong>Google Analytics<\/strong>\u00a0\u00a0est un service d&rsquo;analyse Web fourni par Google, Inc., une soci\u00e9t\u00e9 du Delaware dont le si\u00e8ge social est situ\u00e9 au 1600 Amphitheatre Parkway, Mountain View (Californie), CA 94043, \u00c9tats-Unis (\u00ab Google \u00bb). Vous pouvez trouver plus d&rsquo;informations sur :\u00a0\u00a0https:\/\/analytics.google.com<br \/>\nGoogle Analytics utilise des \u00ab cookies \u00bb, qui sont des fichiers texte situ\u00e9s sur votre ordinateur, pour aider le propri\u00e9taire \u00e0 analyser la fa\u00e7on dont les utilisateurs utilisent le site Web. Les informations g\u00e9n\u00e9r\u00e9es par le cookie concernant votre utilisation du site (y compris votre adresse IP) seront transmises et stock\u00e9es par Google sur des serveurs situ\u00e9s aux \u00c9tats-Unis. Vous pouvez \u00e9galement consulter la liste des types de cookies utilis\u00e9s par Google et ses partenaires ainsi que toutes les informations relatives \u00e0 leur utilisation de cookies publicitaires.<\/li>\n<\/ul>\n<h3><span class=\"ez-toc-section\" id=\"Navigation_sur_le_Web\"><\/span>Navigation sur le Web<span class=\"ez-toc-section-end\"><\/span><\/h3>\n<p>Lors de la navigation sur www.canbufi.com, des donn\u00e9es non identifiables peuvent \u00eatre collect\u00e9es, qui peuvent inclure l&rsquo;adresse IP, la g\u00e9olocalisation, un enregistrement de la fa\u00e7on dont les services et les sites sont utilis\u00e9s, les habitudes de navigation et d&rsquo;autres donn\u00e9es qui ne peuvent pas \u00eatre utilis\u00e9es pour vous identifier.<\/p>\n<p>Le site Web utilise les services d\u2019analyse tiers suivants\u00a0:<\/p>\n<ul>\n<li>Google Analytics<\/li>\n<li>DoubleClick de Google<\/li>\n<\/ul>\n<p>Le Propri\u00e9taire utilise les informations obtenues pour obtenir des donn\u00e9es statistiques, analyser les tendances, g\u00e9rer le site, \u00e9tudier les mod\u00e8les de navigation et collecter des informations d\u00e9mographiques.<\/p>\n<h3><span class=\"ez-toc-section\" id=\"Exactitude_et_veracite_des_donnees_personnelles\"><\/span>Exactitude et v\u00e9racit\u00e9 des donn\u00e9es personnelles<span class=\"ez-toc-section-end\"><\/span><\/h3>\n<p>Vous vous engagez \u00e0 ce que les donn\u00e9es fournies au Titulaire soient correctes, compl\u00e8tes, exactes et \u00e0 jour, ainsi qu&rsquo;\u00e0 les maintenir d\u00fbment mises \u00e0 jour.<\/p>\n<p>En tant qu&rsquo;utilisateur du site Web, vous \u00eates seul responsable de la v\u00e9racit\u00e9 et de l&rsquo;exactitude des donn\u00e9es que vous envoyez au site, exon\u00e9rant le propri\u00e9taire de toute responsabilit\u00e9 \u00e0 cet \u00e9gard.<\/p>\n<h3><span class=\"ez-toc-section\" id=\"Acceptation_et_consentement\"><\/span>Acceptation et consentement<span class=\"ez-toc-section-end\"><\/span><\/h3>\n<p>En tant qu&rsquo;utilisateur du site Web, vous d\u00e9clarez avoir \u00e9t\u00e9 inform\u00e9 des conditions relatives \u00e0 la protection des donn\u00e9es personnelles et que vous acceptez et consentez au traitement de ces donn\u00e9es par le propri\u00e9taire de la mani\u00e8re et aux fins indiqu\u00e9es dans la pr\u00e9sente politique de confidentialit\u00e9.<\/p>\n<h3><span class=\"ez-toc-section\" id=\"Revocabilite\"><\/span>R\u00e9vocabilit\u00e9<span class=\"ez-toc-section-end\"><\/span><\/h3>\n<p>Pour exercer vos droits d&rsquo;acc\u00e8s, de rectification, d&rsquo;annulation, de portabilit\u00e9 et d&rsquo;opposition, vous devez envoyer un courrier \u00e9lectronique \u00e0 hola@canbufi.com accompagn\u00e9 d&rsquo;une preuve l\u00e9gale valable telle qu&rsquo;une photocopie de votre pi\u00e8ce d&rsquo;identit\u00e9 ou \u00e9quivalent.<\/p>\n<p>L&rsquo;exercice de vos droits n&rsquo;inclut aucune donn\u00e9e que le Propri\u00e9taire est oblig\u00e9 de conserver \u00e0 des fins administratives, juridiques ou de s\u00e9curit\u00e9.<\/p>\n<h3><span class=\"ez-toc-section\" id=\"Modifications_de_la_politique_de_confidentialite\"><\/span>Modifications de la politique de confidentialit\u00e9<span class=\"ez-toc-section-end\"><\/span><\/h3>\n<p>Le Propri\u00e9taire se r\u00e9serve le droit de modifier cette Politique de Confidentialit\u00e9 pour l&rsquo;adapter \u00e0 la nouvelle l\u00e9gislation ou jurisprudence, ainsi qu&rsquo;aux pratiques du secteur.<\/p>\n<p>Ces politiques seront valables jusqu\u2019\u00e0 ce qu\u2019elles soient modifi\u00e9es par d\u2019autres politiques d\u00fbment publi\u00e9es.<\/p>\n<\/div>\n<\/div>\n<\/div>\n<\/section>\n<p>&nbsp;<\/p>\n<footer id=\"brx-footer\">\n<div id=\"brxe-lqwxvo\" class=\"brxe-section main-footer\">\n<div id=\"brxe-cgqwnv\" class=\"brxe-container main-footer__container\"><\/div>\n<\/div>\n<\/footer>\n","protected":false},"excerpt":{"rendered":"<p>MONVI NATURA SL vous informe de sa politique de confidentialit\u00e9 concernant le traitement et la protection des donn\u00e9es personnelles des utilisateurs et des clients qui peuvent \u00eatre collect\u00e9es lors de la navigation ou de la souscription de services via le site Web www.canbufi.com. \u00c0 cet \u00e9gard, le Propri\u00e9taire garantit le respect de la r\u00e9glementation en [&hellip;]<\/p>\n","protected":false},"author":4,"featured_media":0,"parent":0,"menu_order":0,"comment_status":"closed","ping_status":"closed","template":"","meta":{"footnotes":""},"class_list":["post-2289","page","type-page","status-publish","hentry"],"_links":{"self":[{"href":"https:\/\/canbufi.com\/fr\/wp-json\/wp\/v2\/pages\/2289","targetHints":{"allow":["GET"]}}],"collection":[{"href":"https:\/\/canbufi.com\/fr\/wp-json\/wp\/v2\/pages"}],"about":[{"href":"https:\/\/canbufi.com\/fr\/wp-json\/wp\/v2\/types\/page"}],"author":[{"embeddable":true,"href":"https:\/\/canbufi.com\/fr\/wp-json\/wp\/v2\/users\/4"}],"replies":[{"embeddable":true,"href":"https:\/\/canbufi.com\/fr\/wp-json\/wp\/v2\/comments?post=2289"}],"version-history":[{"count":4,"href":"https:\/\/canbufi.com\/fr\/wp-json\/wp\/v2\/pages\/2289\/revisions"}],"predecessor-version":[{"id":2333,"href":"https:\/\/canbufi.com\/fr\/wp-json\/wp\/v2\/pages\/2289\/revisions\/2333"}],"wp:attachment":[{"href":"https:\/\/canbufi.com\/fr\/wp-json\/wp\/v2\/media?parent=2289"}],"curies":[{"name":"wp","href":"https:\/\/api.w.org\/{rel}","templated":true}]}}