{"id":2307,"date":"2025-02-06T11:01:56","date_gmt":"2025-02-06T11:01:56","guid":{"rendered":"https:\/\/canbufi.com\/politica-de-cookies\/"},"modified":"2025-02-11T10:01:20","modified_gmt":"2025-02-11T10:01:20","slug":"politica-de-cookies","status":"publish","type":"page","link":"https:\/\/canbufi.com\/es\/politica-de-cookies\/","title":{"rendered":"Pol\u00edtica de Cookies"},"content":{"rendered":"<div id=\"ez-toc-container\" class=\"ez-toc-v2_0_82_2 counter-hierarchy ez-toc-counter ez-toc-grey ez-toc-container-direction\">\n<div class=\"ez-toc-title-container\">\n<p class=\"ez-toc-title\" style=\"cursor:inherit\">Table of Contents<\/p>\n<span class=\"ez-toc-title-toggle\"><a href=\"#\" class=\"ez-toc-pull-right ez-toc-btn ez-toc-btn-xs ez-toc-btn-default ez-toc-toggle\" aria-label=\"Alternar tabla de contenidos\"><span class=\"ez-toc-js-icon-con\"><span class=\"\"><span class=\"eztoc-hide\" style=\"display:none;\">Toggle<\/span><span class=\"ez-toc-icon-toggle-span\"><svg style=\"fill: #999;color:#999\" xmlns=\"http:\/\/www.w3.org\/2000\/svg\" class=\"list-377408\" width=\"20px\" height=\"20px\" viewBox=\"0 0 24 24\" fill=\"none\"><path d=\"M6 6H4v2h2V6zm14 0H8v2h12V6zM4 11h2v2H4v-2zm16 0H8v2h12v-2zM4 16h2v2H4v-2zm16 0H8v2h12v-2z\" fill=\"currentColor\"><\/path><\/svg><svg style=\"fill: #999;color:#999\" class=\"arrow-unsorted-368013\" xmlns=\"http:\/\/www.w3.org\/2000\/svg\" width=\"10px\" height=\"10px\" viewBox=\"0 0 24 24\" version=\"1.2\" baseProfile=\"tiny\"><path d=\"M18.2 9.3l-6.2-6.3-6.2 6.3c-.2.2-.3.4-.3.7s.1.5.3.7c.2.2.4.3.7.3h11c.3 0 .5-.1.7-.3.2-.2.3-.5.3-.7s-.1-.5-.3-.7zM5.8 14.7l6.2 6.3 6.2-6.3c.2-.2.3-.5.3-.7s-.1-.5-.3-.7c-.2-.2-.4-.3-.7-.3h-11c-.3 0-.5.1-.7.3-.2.2-.3.5-.3.7s.1.5.3.7z\"\/><\/svg><\/span><\/span><\/span><\/a><\/span><\/div>\n<nav><ul class='ez-toc-list ez-toc-list-level-1 ' ><li class='ez-toc-page-1 ez-toc-heading-level-3'><a class=\"ez-toc-link ez-toc-heading-1\" href=\"https:\/\/canbufi.com\/es\/politica-de-cookies\/#Definicion_y_funcion_de_las_Cookies\" >Definici\u00f3n y funci\u00f3n de las Cookies<\/a><\/li><li class='ez-toc-page-1 ez-toc-heading-level-3'><a class=\"ez-toc-link ez-toc-heading-2\" href=\"https:\/\/canbufi.com\/es\/politica-de-cookies\/#%C2%BFQue_tipos_de_cookies_utiliza_esta_pagina_web\" >\u00bfQu\u00e9 tipos de cookies utiliza esta p\u00e1gina web?<\/a><\/li><li class='ez-toc-page-1 ez-toc-heading-level-3'><a class=\"ez-toc-link ez-toc-heading-3\" href=\"https:\/\/canbufi.com\/es\/politica-de-cookies\/#Google_Analitico\" >Google Anal\u00edtico<\/a><\/li><li class='ez-toc-page-1 ez-toc-heading-level-3'><a class=\"ez-toc-link ez-toc-heading-4\" href=\"https:\/\/canbufi.com\/es\/politica-de-cookies\/#Mapas_de_Google\" >Mapas de Google<\/a><\/li><li class='ez-toc-page-1 ez-toc-heading-level-3'><a class=\"ez-toc-link ez-toc-heading-5\" href=\"https:\/\/canbufi.com\/es\/politica-de-cookies\/#Revocacion_y_eliminacion_de_cookies\" >Revocaci\u00f3n y eliminaci\u00f3n de cookies<\/a><\/li><\/ul><\/nav><\/div>\n<h3><span class=\"ez-toc-section\" id=\"Definicion_y_funcion_de_las_Cookies\"><\/span><span>Definici\u00f3n y funci\u00f3n de las Cookies<\/span><span class=\"ez-toc-section-end\"><\/span><\/h3>\n<p><span>Una cookie es un archivo que se descarga en su ordenador al acceder a determinados sitios web. Las cookies permiten, entre otras cosas, registrar la actividad del usuario de forma an\u00f3nima en la p\u00e1gina web, as\u00ed se pueden recordar determinados par\u00e1metros e informaci\u00f3n con el objetivo de analizar los datos del usuario, tener una mayor personalizaci\u00f3n del sitio web o poder configurar preferencias.<\/span><\/p>\n<h3><span class=\"ez-toc-section\" id=\"%C2%BFQue_tipos_de_cookies_utiliza_esta_pagina_web\"><\/span><span>\u00bfQu\u00e9 tipos de cookies utiliza esta p\u00e1gina web?<\/span><span class=\"ez-toc-section-end\"><\/span><\/h3>\n<p><span>Las cookies propias de terceros prestamistas de servicios son las siguientes:<\/span><\/p>\n<p><span>(Las cookies de terceros son aquellas que se env\u00edan al equipo terminal del usuario desde un equipo o dominio que no es gestionado por el editor, sino por otra entidad que trabaja los datos obtenidos a trav\u00e9s de las cookies)<\/span><\/p>\n<h3><span class=\"ez-toc-section\" id=\"Google_Analitico\"><\/span><span>Google Anal\u00edtico<\/span><span class=\"ez-toc-section-end\"><\/span><\/h3>\n<p><span>Para realizar las estad\u00edsticas de uso del sitio web se utilizan las cookies de Google Analytics. El objetivo es conocer el nivel de recurrencia de los visitantes y los contenidos que resultan m\u00e1s interesantes, as\u00ed se pueden concentrar los esfuerzos en mejorar las \u00e1reas m\u00e1s visitadas y hacer que el usuario encuentre m\u00e1s f\u00e1cilmente lo que busca.<\/span><br \/>\n<span>El sitio web puede utilizar informaci\u00f3n de la visita del usuario para realizar evaluaciones y c\u00e1lculos estad\u00edsticos sobre datos an\u00f3nimos, as\u00ed como garantizar la continuidad del servicio o realizar mejoras en sus sitios web.<\/span><br \/>\n<span>Para m\u00e1s detalles se puede consultar en el siguiente enlace la pol\u00edtica de privacidad de Google [\u00a0<\/span><span>http:\/\/www.google.com\/intl\/es\/policies\/privacy\/<\/span><span>\u00a0]<\/span><\/p>\n<h3><span class=\"ez-toc-section\" id=\"Mapas_de_Google\"><\/span><span>Mapas de Google<\/span><span class=\"ez-toc-section-end\"><\/span><\/h3>\n<p><span>Dos cookies (PREF y NID) persistentes establecidas por aplicaciones de Google Maps y gestionadas por Google.<\/span><br \/>\n<span>Para m\u00e1s detalles se puede consultar en el siguiente enlace la pol\u00edtica de privacidad de Google [\u00a0<\/span><span>http:\/\/www.google.com\/intl\/es\/policies\/privacy\/<\/span><span>\u00a0]<\/span><\/p>\n<h3><span class=\"ez-toc-section\" id=\"Revocacion_y_eliminacion_de_cookies\"><\/span><span>Revocaci\u00f3n y eliminaci\u00f3n de cookies<\/span><span class=\"ez-toc-section-end\"><\/span><\/h3>\n<p><span>Usted puede permitir, bloquear o eliminar las cookies instaladas en su equipo mediante la configuraci\u00f3n de las opciones del navegador. En caso de que no permita la instalaci\u00f3n de cookies, es posible que no pueda acceder a alguna de las secciones de la p\u00e1gina web.<\/span><br \/>\n<span>En los siguientes enlaces se explica la gesti\u00f3n de las cookies seg\u00fan los distintos navegadores web:<\/span><\/p>\n<p><span>Chrome, desde\u00a0\u00a0<\/span><span>http:\/\/support.google.com\/chrome\/bin\/answer.py?hl=es&amp;answer=95647<\/span><br \/>\n<span>Explorer, desde\u00a0\u00a0<\/span><span>http:\/\/windows.microsoft.com\/es-es\/windows7\/how-to-manage-cookies-in-internet-explorer-9<\/span><br \/>\n<span>Firefox, desde http:\/\/support.mozy- itios-<\/span><span>we<\/span><br \/>\n<span>Safari, desde\u00a0\u00a0<\/span><span>http:\/\/support.apple.com\/kb\/ph5042<\/span><br \/>\n<span>M\u00e1s informaci\u00f3n sobre las cookies y su pol\u00edtica<\/span><\/p>\n<p><span>Puede ampliar la informaci\u00f3n en los siguientes enlaces:<\/span><br \/>\n<span>http:\/\/es.wikipedia.org\/wiki\/Cookie_HTTP<\/span><br \/>\n<span>http:\/\/www.agpd.es\/portalwebAGPD\/canaldocumentacion\/publications\/common\/Guias\/Guia_Cookies.pdf<\/span><\/p>\n","protected":false},"excerpt":{"rendered":"<p>Definici\u00f3n y funci\u00f3n de las Cookies Una cookie es un archivo que se descarga en su ordenador al acceder a determinados sitios web. Las cookies permiten, entre otras cosas, registrar la actividad del usuario de forma an\u00f3nima en la p\u00e1gina web, as\u00ed se pueden recordar determinados par\u00e1metros e informaci\u00f3n con el objetivo de analizar los [&hellip;]<\/p>\n","protected":false},"author":4,"featured_media":0,"parent":0,"menu_order":0,"comment_status":"closed","ping_status":"closed","template":"","meta":{"footnotes":""},"class_list":["post-2307","page","type-page","status-publish","hentry"],"_links":{"self":[{"href":"https:\/\/canbufi.com\/es\/wp-json\/wp\/v2\/pages\/2307","targetHints":{"allow":["GET"]}}],"collection":[{"href":"https:\/\/canbufi.com\/es\/wp-json\/wp\/v2\/pages"}],"about":[{"href":"https:\/\/canbufi.com\/es\/wp-json\/wp\/v2\/types\/page"}],"author":[{"embeddable":true,"href":"https:\/\/canbufi.com\/es\/wp-json\/wp\/v2\/users\/4"}],"replies":[{"embeddable":true,"href":"https:\/\/canbufi.com\/es\/wp-json\/wp\/v2\/comments?post=2307"}],"version-history":[{"count":2,"href":"https:\/\/canbufi.com\/es\/wp-json\/wp\/v2\/pages\/2307\/revisions"}],"predecessor-version":[{"id":2336,"href":"https:\/\/canbufi.com\/es\/wp-json\/wp\/v2\/pages\/2307\/revisions\/2336"}],"wp:attachment":[{"href":"https:\/\/canbufi.com\/es\/wp-json\/wp\/v2\/media?parent=2307"}],"curies":[{"name":"wp","href":"https:\/\/api.w.org\/{rel}","templated":true}]}}