{"id":2301,"date":"2025-02-06T10:51:12","date_gmt":"2025-02-06T10:51:12","guid":{"rendered":"https:\/\/canbufi.com\/nota-legal\/"},"modified":"2025-02-11T10:01:20","modified_gmt":"2025-02-11T10:01:20","slug":"nota-legal","status":"publish","type":"page","link":"https:\/\/canbufi.com\/es\/nota-legal\/","title":{"rendered":"Nota legal"},"content":{"rendered":"<p><span>El sitio web y el dominio canbufi.com corresponden a CAN BUFI, con domicilio en Ve\u00efnat de llobatera, 20, 17240, Girona, direcci\u00f3n electr\u00f3nica\u00a0\u00a0<\/span><span>info@canbufi.com<\/span><\/p>\n<div id=\"ez-toc-container\" class=\"ez-toc-v2_0_82_2 counter-hierarchy ez-toc-counter ez-toc-grey ez-toc-container-direction\">\n<div class=\"ez-toc-title-container\">\n<p class=\"ez-toc-title\" style=\"cursor:inherit\">Table of Contents<\/p>\n<span class=\"ez-toc-title-toggle\"><a href=\"#\" class=\"ez-toc-pull-right ez-toc-btn ez-toc-btn-xs ez-toc-btn-default ez-toc-toggle\" aria-label=\"Alternar tabla de contenidos\"><span class=\"ez-toc-js-icon-con\"><span class=\"\"><span class=\"eztoc-hide\" style=\"display:none;\">Toggle<\/span><span class=\"ez-toc-icon-toggle-span\"><svg style=\"fill: #999;color:#999\" xmlns=\"http:\/\/www.w3.org\/2000\/svg\" class=\"list-377408\" width=\"20px\" height=\"20px\" viewBox=\"0 0 24 24\" fill=\"none\"><path d=\"M6 6H4v2h2V6zm14 0H8v2h12V6zM4 11h2v2H4v-2zm16 0H8v2h12v-2zM4 16h2v2H4v-2zm16 0H8v2h12v-2z\" fill=\"currentColor\"><\/path><\/svg><svg style=\"fill: #999;color:#999\" class=\"arrow-unsorted-368013\" xmlns=\"http:\/\/www.w3.org\/2000\/svg\" width=\"10px\" height=\"10px\" viewBox=\"0 0 24 24\" version=\"1.2\" baseProfile=\"tiny\"><path d=\"M18.2 9.3l-6.2-6.3-6.2 6.3c-.2.2-.3.4-.3.7s.1.5.3.7c.2.2.4.3.7.3h11c.3 0 .5-.1.7-.3.2-.2.3-.5.3-.7s-.1-.5-.3-.7zM5.8 14.7l6.2 6.3 6.2-6.3c.2-.2.3-.5.3-.7s-.1-.5-.3-.7c-.2-.2-.4-.3-.7-.3h-11c-.3 0-.5.1-.7.3-.2.2-.3.5-.3.7s.1.5.3.7z\"\/><\/svg><\/span><\/span><\/span><\/a><\/span><\/div>\n<nav><ul class='ez-toc-list ez-toc-list-level-1 ' ><li class='ez-toc-page-1 ez-toc-heading-level-3'><a class=\"ez-toc-link ez-toc-heading-1\" href=\"https:\/\/canbufi.com\/es\/nota-legal\/#Propiedad_intelectual_e_industrial\" >Propiedad intelectual e industrial:<\/a><\/li><li class='ez-toc-page-1 ez-toc-heading-level-3'><a class=\"ez-toc-link ez-toc-heading-2\" href=\"https:\/\/canbufi.com\/es\/nota-legal\/#Responsabilidad_sobre_los_contenidos\" >Responsabilidad sobre los contenidos<\/a><\/li><li class='ez-toc-page-1 ez-toc-heading-level-3'><a class=\"ez-toc-link ez-toc-heading-3\" href=\"https:\/\/canbufi.com\/es\/nota-legal\/#Condiciones_de_uso\" >Condiciones de uso<\/a><\/li><\/ul><\/nav><\/div>\n<h3><span class=\"ez-toc-section\" id=\"Propiedad_intelectual_e_industrial\"><\/span><span>Propiedad intelectual e industrial:<\/span><span class=\"ez-toc-section-end\"><\/span><\/h3>\n<p><span>Los derechos sobre los contenidos de este sitio, incluyendo los textos, im\u00e1genes, dise\u00f1os gr\u00e1ficos, marcas y otros signos distintivos (en adelante los contenidos), pertenecen a\u00a0\u00a0<\/span><span class=\"bld-txt\"><span>CAN BUFI<\/span><\/span><span>\u00a0\u00a0oa terceros que han autorizado su uso.\u00a0\u00a0<\/span><span class=\"bld-txt\"><span>CAN BUFI<\/span><\/span><span>\u00a0presenta estos contenidos para informar de sus servicios y actividades.\u00a0<\/span><span class=\"bld-txt\"><span>\u00a0CAN BUFI<\/span><\/span><span>\u00a0autoriza la utilizaci\u00f3n de los contenidos para usos no comerciales siempre y cuando se indique de forma clara la fuente. Si los contenidos se utilizan en entornos web deber\u00e1 incluir un enlace www.canbufi.com.\u00a0\u00a0<\/span><span class=\"bl\"><span>CAN BUFI<\/span><\/span><span>\u00a0se reserva el derecho a iniciar las acciones legales oportunas en defensa de sus derechos de propiedad intelectual o industrial.<\/span><\/p>\n<p><span>No se autorizan presentaciones de los contenidos de este sitio en una ventana ajena a\u00a0\u00a0<\/span><span>www.canbufi.com<\/span><\/p>\n<h3><span class=\"ez-toc-section\" id=\"Responsabilidad_sobre_los_contenidos\"><\/span><span>Responsabilidad sobre los contenidos<\/span><span class=\"ez-toc-section-end\"><\/span><\/h3>\n<p><span>Aunque\u00a0\u00a0<\/span><span class=\"bld-txt\"><span>CAN BUFI<\/span><\/span><span>\u00a0act\u00faa con el m\u00e1ximo de diligencia posible, puede darse el caso de que alg\u00fan dato o informaci\u00f3n no est\u00e9 del todo actualizado en el momento que el usuario del sitio web lo consulte. Por eso\u00a0\u00a0<\/span><span class=\"bld-txt\"><span>CAN BUFI<\/span><\/span><span>\u00a0manifiesta que las referencias de los servicios que se presentan en su sitio web tienen una funci\u00f3n orientativa y no obligan a\u00a0\u00a0<\/span><span class=\"bld-txt\"><span>CAN BUFI<\/span><\/span><span>\u00a0\u00a0hasta la contrataci\u00f3n expresa de un pedido.<\/span><\/p>\n<p><span class=\"bld-txt\"><span>CAN BUFI<\/span><\/span><span>\u00a0\u00a0se reserva el derecho a modificar unilateralmente, en cualquier momento y sin previo aviso, la presentaci\u00f3n, configuraci\u00f3n y contenidos de la web.<\/span><\/p>\n<p><span class=\"bld-txt\"><span>CAN BUFI<\/span><\/span><span>\u00a0\u00a0no ser\u00e1 responsable de la informaci\u00f3n que pueda obtenerse a trav\u00e9s de enlaces incluidos en el sitio.<\/span><\/p>\n<h3><span class=\"ez-toc-section\" id=\"Condiciones_de_uso\"><\/span><span>Condiciones de uso<\/span><span class=\"ez-toc-section-end\"><\/span><\/h3>\n<p><span>El uso de este sitio web implica la aceptaci\u00f3n plena de los t\u00e9rminos y condiciones del presente aviso legal. Los posibles conflictos relativos a este sitio web se regir\u00e1n exclusivamente por el derecho del Estado espa\u00f1ol. Toda persona usuaria de la web, independientemente de la jurisdicci\u00f3n territorial desde la que se produzca su acceso, acepta el cumplimiento y respeto de estas cl\u00e1usulas con renuncia expresa a cualquier otro fuero que pudiera corresponderle.<\/span><\/p>\n","protected":false},"excerpt":{"rendered":"<p>El sitio web y el dominio canbufi.com corresponden a CAN BUFI, con domicilio en Ve\u00efnat de llobatera, 20, 17240, Girona, direcci\u00f3n electr\u00f3nica\u00a0\u00a0info@canbufi.com Propiedad intelectual e industrial: Los derechos sobre los contenidos de este sitio, incluyendo los textos, im\u00e1genes, dise\u00f1os gr\u00e1ficos, marcas y otros signos distintivos (en adelante los contenidos), pertenecen a\u00a0\u00a0CAN BUFI\u00a0\u00a0oa terceros que han [&hellip;]<\/p>\n","protected":false},"author":4,"featured_media":0,"parent":0,"menu_order":0,"comment_status":"closed","ping_status":"closed","template":"","meta":{"footnotes":""},"class_list":["post-2301","page","type-page","status-publish","hentry"],"_links":{"self":[{"href":"https:\/\/canbufi.com\/es\/wp-json\/wp\/v2\/pages\/2301","targetHints":{"allow":["GET"]}}],"collection":[{"href":"https:\/\/canbufi.com\/es\/wp-json\/wp\/v2\/pages"}],"about":[{"href":"https:\/\/canbufi.com\/es\/wp-json\/wp\/v2\/types\/page"}],"author":[{"embeddable":true,"href":"https:\/\/canbufi.com\/es\/wp-json\/wp\/v2\/users\/4"}],"replies":[{"embeddable":true,"href":"https:\/\/canbufi.com\/es\/wp-json\/wp\/v2\/comments?post=2301"}],"version-history":[{"count":2,"href":"https:\/\/canbufi.com\/es\/wp-json\/wp\/v2\/pages\/2301\/revisions"}],"predecessor-version":[{"id":2335,"href":"https:\/\/canbufi.com\/es\/wp-json\/wp\/v2\/pages\/2301\/revisions\/2335"}],"wp:attachment":[{"href":"https:\/\/canbufi.com\/es\/wp-json\/wp\/v2\/media?parent=2301"}],"curies":[{"name":"wp","href":"https:\/\/api.w.org\/{rel}","templated":true}]}}